{"id":4643,"date":"2022-02-17T15:39:25","date_gmt":"2022-02-17T14:39:25","guid":{"rendered":"https:\/\/volteface.com\/volte-face\/"},"modified":"2026-04-17T21:39:28","modified_gmt":"2026-04-17T19:39:28","slug":"about-en","status":"publish","type":"page","link":"https:\/\/volteface.com\/en\/about-en\/","title":{"rendered":"ABOUT US"},"content":{"rendered":"\t\t<div data-elementor-type=\"wp-page\" data-elementor-id=\"4643\" class=\"elementor elementor-4643 elementor-725\">\n\t\t\t\t\t\t<section class=\"elementor-section elementor-top-section elementor-element elementor-element-8642a7e elementor-section-boxed elementor-section-height-default elementor-section-height-default\" data-id=\"8642a7e\" data-element_type=\"section\" data-e-type=\"section\">\n\t\t\t\t\t\t<div class=\"elementor-container elementor-column-gap-default\">\n\t\t\t\t\t<div class=\"elementor-column elementor-col-100 elementor-top-column elementor-element elementor-element-670c384\" data-id=\"670c384\" data-element_type=\"column\" data-e-type=\"column\">\n\t\t\t<div class=\"elementor-widget-wrap elementor-element-populated\">\n\t\t\t\t\t\t<div class=\"elementor-element elementor-element-f70fc2b elementor-widget elementor-widget-spacer\" data-id=\"f70fc2b\" data-element_type=\"widget\" data-e-type=\"widget\" data-widget_type=\"spacer.default\">\n\t\t\t\t<div class=\"elementor-widget-container\">\n\t\t\t\t\t\t\t<div class=\"elementor-spacer\">\n\t\t\t<div class=\"elementor-spacer-inner\"><\/div>\n\t\t<\/div>\n\t\t\t\t\t\t<\/div>\n\t\t\t\t<\/div>\n\t\t\t\t\t<\/div>\n\t\t<\/div>\n\t\t\t\t\t<\/div>\n\t\t<\/section>\n\t\t\t\t<section class=\"elementor-section elementor-top-section elementor-element elementor-element-fe0111a elementor-section-full_width elementor-section-height-default elementor-section-height-default\" data-id=\"fe0111a\" data-element_type=\"section\" data-e-type=\"section\">\n\t\t\t\t\t\t<div class=\"elementor-container elementor-column-gap-narrow\">\n\t\t\t\t\t<div class=\"elementor-column elementor-col-100 elementor-top-column elementor-element elementor-element-6aed27b\" data-id=\"6aed27b\" data-element_type=\"column\" data-e-type=\"column\">\n\t\t\t<div class=\"elementor-widget-wrap elementor-element-populated\">\n\t\t\t\t\t\t<div class=\"elementor-element elementor-element-0335827 elementor-pagination-position-inside elementor-arrows-position-inside elementor-widget elementor-widget-image-carousel\" data-id=\"0335827\" data-element_type=\"widget\" data-e-type=\"widget\" data-settings=\"{&quot;slides_to_show&quot;:&quot;4&quot;,&quot;pause_on_hover&quot;:&quot;no&quot;,&quot;pause_on_interaction&quot;:&quot;no&quot;,&quot;navigation&quot;:&quot;both&quot;,&quot;autoplay&quot;:&quot;yes&quot;,&quot;autoplay_speed&quot;:5000,&quot;infinite&quot;:&quot;yes&quot;,&quot;speed&quot;:500}\" data-widget_type=\"image-carousel.default\">\n\t\t\t\t<div class=\"elementor-widget-container\">\n\t\t\t\t\t\t\t<div class=\"elementor-image-carousel-wrapper swiper\" role=\"region\" aria-roledescription=\"carousel\" aria-label=\"Carrousel d\u2019images\" dir=\"ltr\">\n\t\t\t<div class=\"elementor-image-carousel swiper-wrapper\" aria-live=\"off\">\n\t\t\t\t\t\t\t\t<div class=\"swiper-slide\" role=\"group\" aria-roledescription=\"slide\" aria-label=\"1 of 6\"><figure class=\"swiper-slide-inner\"><img decoding=\"async\" class=\"swiper-slide-image\" src=\"https:\/\/volteface.com\/wp-content\/uploads\/2023\/10\/vf-17.webp\" alt=\"vf-17\" \/><\/figure><\/div><div class=\"swiper-slide\" role=\"group\" aria-roledescription=\"slide\" aria-label=\"2 of 6\"><figure class=\"swiper-slide-inner\"><img decoding=\"async\" class=\"swiper-slide-image\" src=\"https:\/\/volteface.com\/wp-content\/uploads\/2023\/10\/vf-20.webp\" alt=\"vf-20\" \/><\/figure><\/div><div class=\"swiper-slide\" role=\"group\" aria-roledescription=\"slide\" aria-label=\"3 of 6\"><figure class=\"swiper-slide-inner\"><img decoding=\"async\" class=\"swiper-slide-image\" src=\"https:\/\/volteface.com\/wp-content\/uploads\/2023\/10\/vf-05.webp\" alt=\"vf-05\" \/><\/figure><\/div><div class=\"swiper-slide\" role=\"group\" aria-roledescription=\"slide\" aria-label=\"4 of 6\"><figure class=\"swiper-slide-inner\"><img decoding=\"async\" class=\"swiper-slide-image\" src=\"https:\/\/volteface.com\/wp-content\/uploads\/2023\/11\/vf-07.webp\" alt=\"vf-07\" \/><\/figure><\/div><div class=\"swiper-slide\" role=\"group\" aria-roledescription=\"slide\" aria-label=\"5 of 6\"><figure class=\"swiper-slide-inner\"><img decoding=\"async\" class=\"swiper-slide-image\" src=\"https:\/\/volteface.com\/wp-content\/uploads\/2023\/11\/vf-13.webp\" alt=\"vf-13\" \/><\/figure><\/div><div class=\"swiper-slide\" role=\"group\" aria-roledescription=\"slide\" aria-label=\"6 of 6\"><figure class=\"swiper-slide-inner\"><img decoding=\"async\" class=\"swiper-slide-image\" src=\"https:\/\/volteface.com\/wp-content\/uploads\/2023\/10\/vf-06-1.webp\" alt=\"vf-06\" \/><\/figure><\/div>\t\t\t<\/div>\n\t\t\t\t\t\t\t\t\t\t\t\t<div class=\"elementor-swiper-button elementor-swiper-button-prev\" role=\"button\" tabindex=\"0\">\n\t\t\t\t\t\t<i aria-hidden=\"true\" class=\"eicon-chevron-left\"><\/i>\t\t\t\t\t<\/div>\n\t\t\t\t\t<div class=\"elementor-swiper-button elementor-swiper-button-next\" role=\"button\" tabindex=\"0\">\n\t\t\t\t\t\t<i aria-hidden=\"true\" class=\"eicon-chevron-right\"><\/i>\t\t\t\t\t<\/div>\n\t\t\t\t\n\t\t\t\t\t\t\t\t\t<div class=\"swiper-pagination\"><\/div>\n\t\t\t\t\t\t\t\t\t<\/div>\n\t\t\t\t\t\t<\/div>\n\t\t\t\t<\/div>\n\t\t\t\t\t<\/div>\n\t\t<\/div>\n\t\t\t\t\t<\/div>\n\t\t<\/section>\n\t\t\t\t<section class=\"elementor-section elementor-top-section elementor-element elementor-element-86da2b1 elementor-section-boxed elementor-section-height-default elementor-section-height-default\" data-id=\"86da2b1\" data-element_type=\"section\" data-e-type=\"section\">\n\t\t\t\t\t\t<div class=\"elementor-container elementor-column-gap-default\">\n\t\t\t\t\t<div class=\"elementor-column elementor-col-100 elementor-top-column elementor-element elementor-element-388f27b\" data-id=\"388f27b\" data-element_type=\"column\" data-e-type=\"column\">\n\t\t\t<div class=\"elementor-widget-wrap elementor-element-populated\">\n\t\t\t\t\t\t<div class=\"elementor-element elementor-element-2f72ffd elementor-widget elementor-widget-heading\" data-id=\"2f72ffd\" data-element_type=\"widget\" data-e-type=\"widget\" data-widget_type=\"heading.default\">\n\t\t\t\t<div class=\"elementor-widget-container\">\n\t\t\t\t\t<h2 class=\"elementor-heading-title elementor-size-default\">About us<\/h2>\t\t\t\t<\/div>\n\t\t\t\t<\/div>\n\t\t\t\t\t<\/div>\n\t\t<\/div>\n\t\t\t\t\t<\/div>\n\t\t<\/section>\n\t\t\t\t<section class=\"elementor-section elementor-top-section elementor-element elementor-element-e1a7f28 elementor-section-boxed elementor-section-height-default elementor-section-height-default\" data-id=\"e1a7f28\" data-element_type=\"section\" data-e-type=\"section\">\n\t\t\t\t\t\t<div class=\"elementor-container elementor-column-gap-no\">\n\t\t\t\t\t<div class=\"elementor-column elementor-col-100 elementor-top-column elementor-element elementor-element-9881f4c\" data-id=\"9881f4c\" data-element_type=\"column\" data-e-type=\"column\">\n\t\t\t<div class=\"elementor-widget-wrap elementor-element-populated\">\n\t\t\t\t\t\t<div class=\"elementor-element elementor-element-fa78ea5 elementor-widget elementor-widget-text-editor\" data-id=\"fa78ea5\" data-element_type=\"widget\" data-e-type=\"widget\" data-widget_type=\"text-editor.default\">\n\t\t\t\t<div class=\"elementor-widget-container\">\n\t\t\t\t\t\t\t\t\t<p style=\"text-align: center;\">VOLTE FACE is a French brand of optical frames developed by the J.F. REY studio.<\/p><p style=\"text-align: center;\">It embodies a no-holds-barred design inspired by the world of fashion and ready-to-wear. Chaque monture est le fruit d&#8217;une r\u00e9alisation minutieuse enti\u00e8rement fa\u00e7onn\u00e9e \u00e0 la main.<\/p><p style=\"text-align: center;\">The collection creates emotion through style. She explores the boundaries of color and design through elegant shapes and bold materials.<\/p>\t\t\t\t\t\t\t\t<\/div>\n\t\t\t\t<\/div>\n\t\t\t\t\t<\/div>\n\t\t<\/div>\n\t\t\t\t\t<\/div>\n\t\t<\/section>\n\t\t\t\t<section class=\"elementor-section elementor-top-section elementor-element elementor-element-87e74af elementor-section-boxed elementor-section-height-default elementor-section-height-default\" data-id=\"87e74af\" data-element_type=\"section\" data-e-type=\"section\">\n\t\t\t\t\t\t<div class=\"elementor-container elementor-column-gap-default\">\n\t\t\t\t\t<div class=\"elementor-column elementor-col-100 elementor-top-column elementor-element elementor-element-95a4c86\" data-id=\"95a4c86\" data-element_type=\"column\" data-e-type=\"column\">\n\t\t\t<div class=\"elementor-widget-wrap elementor-element-populated\">\n\t\t\t\t\t\t<div class=\"elementor-element elementor-element-222ca21 elementor-widget elementor-widget-spacer\" data-id=\"222ca21\" data-element_type=\"widget\" data-e-type=\"widget\" data-widget_type=\"spacer.default\">\n\t\t\t\t<div class=\"elementor-widget-container\">\n\t\t\t\t\t\t\t<div class=\"elementor-spacer\">\n\t\t\t<div class=\"elementor-spacer-inner\"><\/div>\n\t\t<\/div>\n\t\t\t\t\t\t<\/div>\n\t\t\t\t<\/div>\n\t\t\t\t\t<\/div>\n\t\t<\/div>\n\t\t\t\t\t<\/div>\n\t\t<\/section>\n\t\t\t\t<\/div>\n\t\t","protected":false},"excerpt":{"rendered":"<p>About us VOLTE FACE is a French brand of optical frames developed by the J.F. REY studio. It embodies a no-holds-barred design inspired by the world of fashion and ready-to-wear. Chaque monture est le fruit d&#8217;une r\u00e9alisation minutieuse enti\u00e8rement fa\u00e7onn\u00e9e \u00e0 la main. The collection creates emotion through style. She explores the boundaries of color [&hellip;]<\/p>\n","protected":false},"author":1,"featured_media":0,"parent":0,"menu_order":0,"comment_status":"closed","ping_status":"closed","template":"elementor_header_footer","meta":{"site-sidebar-layout":"no-sidebar","site-content-layout":"page-builder","ast-site-content-layout":"default","site-content-style":"default","site-sidebar-style":"default","ast-global-header-display":"","ast-banner-title-visibility":"","ast-main-header-display":"","ast-hfb-above-header-display":"","ast-hfb-below-header-display":"","ast-hfb-mobile-header-display":"","site-post-title":"disabled","ast-breadcrumbs-content":"","ast-featured-img":"disabled","footer-sml-layout":"","ast-disable-related-posts":"","theme-transparent-header-meta":"","adv-header-id-meta":"","stick-header-meta":"","header-above-stick-meta":"","header-main-stick-meta":"","header-below-stick-meta":"","astra-migrate-meta-layouts":"default","ast-page-background-enabled":"default","ast-page-background-meta":{"desktop":{"background-color":"","background-image":"","background-repeat":"repeat","background-position":"center center","background-size":"auto","background-attachment":"scroll","background-type":"","background-media":"","overlay-type":"","overlay-color":"","overlay-opacity":"","overlay-gradient":""},"tablet":{"background-color":"","background-image":"","background-repeat":"repeat","background-position":"center center","background-size":"auto","background-attachment":"scroll","background-type":"","background-media":"","overlay-type":"","overlay-color":"","overlay-opacity":"","overlay-gradient":""},"mobile":{"background-color":"","background-image":"","background-repeat":"repeat","background-position":"center center","background-size":"auto","background-attachment":"scroll","background-type":"","background-media":"","overlay-type":"","overlay-color":"","overlay-opacity":"","overlay-gradient":""}},"ast-content-background-meta":{"desktop":{"background-color":"var(--ast-global-color-5)","background-image":"","background-repeat":"repeat","background-position":"center center","background-size":"auto","background-attachment":"scroll","background-type":"","background-media":"","overlay-type":"","overlay-color":"","overlay-opacity":"","overlay-gradient":""},"tablet":{"background-color":"var(--ast-global-color-5)","background-image":"","background-repeat":"repeat","background-position":"center center","background-size":"auto","background-attachment":"scroll","background-type":"","background-media":"","overlay-type":"","overlay-color":"","overlay-opacity":"","overlay-gradient":""},"mobile":{"background-color":"var(--ast-global-color-5)","background-image":"","background-repeat":"repeat","background-position":"center center","background-size":"auto","background-attachment":"scroll","background-type":"","background-media":"","overlay-type":"","overlay-color":"","overlay-opacity":"","overlay-gradient":""}},"footnotes":""},"class_list":["post-4643","page","type-page","status-publish","hentry"],"yoast_head":"<!-- This site is optimized with the Yoast SEO plugin v27.4 - https:\/\/yoast.com\/product\/yoast-seo-wordpress\/ -->\n<title>ABOUT US | VOLTEFACE Lunettes Cr\u00e9ateur<\/title>\n<meta name=\"robots\" content=\"index, follow, max-snippet:-1, max-image-preview:large, max-video-preview:-1\" \/>\n<link rel=\"canonical\" href=\"https:\/\/volteface.com\/en\/about-en\/\" \/>\n<meta property=\"og:locale\" content=\"en_US\" \/>\n<meta property=\"og:type\" content=\"article\" \/>\n<meta property=\"og:title\" content=\"ABOUT US | VOLTEFACE Lunettes Cr\u00e9ateur\" \/>\n<meta property=\"og:description\" content=\"About us VOLTE FACE is a French brand of optical frames developed by the J.F. REY studio. It embodies a no-holds-barred design inspired by the world of fashion and ready-to-wear. Chaque monture est le fruit d&#8217;une r\u00e9alisation minutieuse enti\u00e8rement fa\u00e7onn\u00e9e \u00e0 la main. The collection creates emotion through style. She explores the boundaries of color [&hellip;]\" \/>\n<meta property=\"og:url\" content=\"https:\/\/volteface.com\/en\/about-en\/\" \/>\n<meta property=\"og:site_name\" content=\"VOLTEFACE\" \/>\n<meta property=\"article:publisher\" content=\"https:\/\/www.facebook.com\/JFREY.EYEWEAR.DESIGN.OFFICIAL\/\" \/>\n<meta property=\"article:modified_time\" content=\"2026-04-17T19:39:28+00:00\" \/>\n<meta property=\"og:image\" content=\"https:\/\/volteface.com\/wp-content\/uploads\/2023\/10\/vf-17.webp\" \/>\n<meta name=\"twitter:card\" content=\"summary_large_image\" \/>\n<meta name=\"twitter:label1\" content=\"Est. reading time\" \/>\n\t<meta name=\"twitter:data1\" content=\"5 minutes\" \/>\n<script type=\"application\/ld+json\" class=\"yoast-schema-graph\">{\"@context\":\"https:\\\/\\\/schema.org\",\"@graph\":[{\"@type\":\"WebPage\",\"@id\":\"https:\\\/\\\/volteface.com\\\/en\\\/about-en\\\/\",\"url\":\"https:\\\/\\\/volteface.com\\\/en\\\/about-en\\\/\",\"name\":\"ABOUT US | VOLTEFACE Lunettes Cr\u00e9ateur\",\"isPartOf\":{\"@id\":\"https:\\\/\\\/volteface.com\\\/en\\\/#website\"},\"primaryImageOfPage\":{\"@id\":\"https:\\\/\\\/volteface.com\\\/en\\\/about-en\\\/#primaryimage\"},\"image\":{\"@id\":\"https:\\\/\\\/volteface.com\\\/en\\\/about-en\\\/#primaryimage\"},\"thumbnailUrl\":\"https:\\\/\\\/volteface.com\\\/wp-content\\\/uploads\\\/2023\\\/10\\\/vf-17.webp\",\"datePublished\":\"2022-02-17T14:39:25+00:00\",\"dateModified\":\"2026-04-17T19:39:28+00:00\",\"breadcrumb\":{\"@id\":\"https:\\\/\\\/volteface.com\\\/en\\\/about-en\\\/#breadcrumb\"},\"inLanguage\":\"en-US\",\"potentialAction\":[{\"@type\":\"ReadAction\",\"target\":[\"https:\\\/\\\/volteface.com\\\/en\\\/about-en\\\/\"]}]},{\"@type\":\"ImageObject\",\"inLanguage\":\"en-US\",\"@id\":\"https:\\\/\\\/volteface.com\\\/en\\\/about-en\\\/#primaryimage\",\"url\":\"https:\\\/\\\/volteface.com\\\/wp-content\\\/uploads\\\/2023\\\/10\\\/vf-17.webp\",\"contentUrl\":\"https:\\\/\\\/volteface.com\\\/wp-content\\\/uploads\\\/2023\\\/10\\\/vf-17.webp\"},{\"@type\":\"BreadcrumbList\",\"@id\":\"https:\\\/\\\/volteface.com\\\/en\\\/about-en\\\/#breadcrumb\",\"itemListElement\":[{\"@type\":\"ListItem\",\"position\":1,\"name\":\"Accueil\",\"item\":\"https:\\\/\\\/volteface.com\\\/en\\\/home\\\/\"},{\"@type\":\"ListItem\",\"position\":2,\"name\":\"ABOUT US\"}]},{\"@type\":\"WebSite\",\"@id\":\"https:\\\/\\\/volteface.com\\\/en\\\/#website\",\"url\":\"https:\\\/\\\/volteface.com\\\/en\\\/\",\"name\":\"VOLTEFACE\",\"description\":\"Lunettes Cr\u00e9ateur\",\"publisher\":{\"@id\":\"https:\\\/\\\/volteface.com\\\/en\\\/#organization\"},\"potentialAction\":[{\"@type\":\"SearchAction\",\"target\":{\"@type\":\"EntryPoint\",\"urlTemplate\":\"https:\\\/\\\/volteface.com\\\/en\\\/?s={search_term_string}\"},\"query-input\":{\"@type\":\"PropertyValueSpecification\",\"valueRequired\":true,\"valueName\":\"search_term_string\"}}],\"inLanguage\":\"en-US\"},{\"@type\":\"Organization\",\"@id\":\"https:\\\/\\\/volteface.com\\\/en\\\/#organization\",\"name\":\"Maison Jean-Fran\u00e7ois REY\",\"url\":\"https:\\\/\\\/volteface.com\\\/en\\\/\",\"logo\":{\"@type\":\"ImageObject\",\"inLanguage\":\"en-US\",\"@id\":\"https:\\\/\\\/volteface.com\\\/en\\\/#\\\/schema\\\/logo\\\/image\\\/\",\"url\":\"http:\\\/\\\/volteface.com\\\/wp-content\\\/uploads\\\/2021\\\/12\\\/logo-jfrey-2.jpg\",\"contentUrl\":\"http:\\\/\\\/volteface.com\\\/wp-content\\\/uploads\\\/2021\\\/12\\\/logo-jfrey-2.jpg\",\"width\":894,\"height\":150,\"caption\":\"Maison Jean-Fran\u00e7ois REY\"},\"image\":{\"@id\":\"https:\\\/\\\/volteface.com\\\/en\\\/#\\\/schema\\\/logo\\\/image\\\/\"},\"sameAs\":[\"https:\\\/\\\/www.facebook.com\\\/JFREY.EYEWEAR.DESIGN.OFFICIAL\\\/\",\"https:\\\/\\\/www.instagram.com\\\/jfreyofficial\\\/\",\"https:\\\/\\\/www.pinterest.fr\\\/jfreyeyewear\\\/\",\"https:\\\/\\\/www.youtube.com\\\/channel\\\/UCLA9PSVE5rCglxf6qCXLG5w\"]}]}<\/script>\n<!-- \/ Yoast SEO plugin. -->","yoast_head_json":{"title":"ABOUT US | VOLTEFACE Lunettes Cr\u00e9ateur","robots":{"index":"index","follow":"follow","max-snippet":"max-snippet:-1","max-image-preview":"max-image-preview:large","max-video-preview":"max-video-preview:-1"},"canonical":"https:\/\/volteface.com\/en\/about-en\/","og_locale":"en_US","og_type":"article","og_title":"ABOUT US | VOLTEFACE Lunettes Cr\u00e9ateur","og_description":"About us VOLTE FACE is a French brand of optical frames developed by the J.F. REY studio. It embodies a no-holds-barred design inspired by the world of fashion and ready-to-wear. Chaque monture est le fruit d&#8217;une r\u00e9alisation minutieuse enti\u00e8rement fa\u00e7onn\u00e9e \u00e0 la main. The collection creates emotion through style. She explores the boundaries of color [&hellip;]","og_url":"https:\/\/volteface.com\/en\/about-en\/","og_site_name":"VOLTEFACE","article_publisher":"https:\/\/www.facebook.com\/JFREY.EYEWEAR.DESIGN.OFFICIAL\/","article_modified_time":"2026-04-17T19:39:28+00:00","og_image":[{"url":"https:\/\/volteface.com\/wp-content\/uploads\/2023\/10\/vf-17.webp","type":"","width":"","height":""}],"twitter_card":"summary_large_image","twitter_misc":{"Est. reading time":"5 minutes"},"schema":{"@context":"https:\/\/schema.org","@graph":[{"@type":"WebPage","@id":"https:\/\/volteface.com\/en\/about-en\/","url":"https:\/\/volteface.com\/en\/about-en\/","name":"ABOUT US | VOLTEFACE Lunettes Cr\u00e9ateur","isPartOf":{"@id":"https:\/\/volteface.com\/en\/#website"},"primaryImageOfPage":{"@id":"https:\/\/volteface.com\/en\/about-en\/#primaryimage"},"image":{"@id":"https:\/\/volteface.com\/en\/about-en\/#primaryimage"},"thumbnailUrl":"https:\/\/volteface.com\/wp-content\/uploads\/2023\/10\/vf-17.webp","datePublished":"2022-02-17T14:39:25+00:00","dateModified":"2026-04-17T19:39:28+00:00","breadcrumb":{"@id":"https:\/\/volteface.com\/en\/about-en\/#breadcrumb"},"inLanguage":"en-US","potentialAction":[{"@type":"ReadAction","target":["https:\/\/volteface.com\/en\/about-en\/"]}]},{"@type":"ImageObject","inLanguage":"en-US","@id":"https:\/\/volteface.com\/en\/about-en\/#primaryimage","url":"https:\/\/volteface.com\/wp-content\/uploads\/2023\/10\/vf-17.webp","contentUrl":"https:\/\/volteface.com\/wp-content\/uploads\/2023\/10\/vf-17.webp"},{"@type":"BreadcrumbList","@id":"https:\/\/volteface.com\/en\/about-en\/#breadcrumb","itemListElement":[{"@type":"ListItem","position":1,"name":"Accueil","item":"https:\/\/volteface.com\/en\/home\/"},{"@type":"ListItem","position":2,"name":"ABOUT US"}]},{"@type":"WebSite","@id":"https:\/\/volteface.com\/en\/#website","url":"https:\/\/volteface.com\/en\/","name":"VOLTEFACE","description":"Lunettes Cr\u00e9ateur","publisher":{"@id":"https:\/\/volteface.com\/en\/#organization"},"potentialAction":[{"@type":"SearchAction","target":{"@type":"EntryPoint","urlTemplate":"https:\/\/volteface.com\/en\/?s={search_term_string}"},"query-input":{"@type":"PropertyValueSpecification","valueRequired":true,"valueName":"search_term_string"}}],"inLanguage":"en-US"},{"@type":"Organization","@id":"https:\/\/volteface.com\/en\/#organization","name":"Maison Jean-Fran\u00e7ois REY","url":"https:\/\/volteface.com\/en\/","logo":{"@type":"ImageObject","inLanguage":"en-US","@id":"https:\/\/volteface.com\/en\/#\/schema\/logo\/image\/","url":"http:\/\/volteface.com\/wp-content\/uploads\/2021\/12\/logo-jfrey-2.jpg","contentUrl":"http:\/\/volteface.com\/wp-content\/uploads\/2021\/12\/logo-jfrey-2.jpg","width":894,"height":150,"caption":"Maison Jean-Fran\u00e7ois REY"},"image":{"@id":"https:\/\/volteface.com\/en\/#\/schema\/logo\/image\/"},"sameAs":["https:\/\/www.facebook.com\/JFREY.EYEWEAR.DESIGN.OFFICIAL\/","https:\/\/www.instagram.com\/jfreyofficial\/","https:\/\/www.pinterest.fr\/jfreyeyewear\/","https:\/\/www.youtube.com\/channel\/UCLA9PSVE5rCglxf6qCXLG5w"]}]}},"_links":{"self":[{"href":"https:\/\/volteface.com\/en\/wp-json\/wp\/v2\/pages\/4643","targetHints":{"allow":["GET"]}}],"collection":[{"href":"https:\/\/volteface.com\/en\/wp-json\/wp\/v2\/pages"}],"about":[{"href":"https:\/\/volteface.com\/en\/wp-json\/wp\/v2\/types\/page"}],"author":[{"embeddable":true,"href":"https:\/\/volteface.com\/en\/wp-json\/wp\/v2\/users\/1"}],"replies":[{"embeddable":true,"href":"https:\/\/volteface.com\/en\/wp-json\/wp\/v2\/comments?post=4643"}],"version-history":[{"count":7,"href":"https:\/\/volteface.com\/en\/wp-json\/wp\/v2\/pages\/4643\/revisions"}],"predecessor-version":[{"id":12793,"href":"https:\/\/volteface.com\/en\/wp-json\/wp\/v2\/pages\/4643\/revisions\/12793"}],"wp:attachment":[{"href":"https:\/\/volteface.com\/en\/wp-json\/wp\/v2\/media?parent=4643"}],"curies":[{"name":"wp","href":"https:\/\/api.w.org\/{rel}","templated":true}]}}